{"id":16911,"date":"2019-07-22T13:52:04","date_gmt":"2019-07-22T11:52:04","guid":{"rendered":"https:\/\/maser-engineering.com\/aeronautical\/"},"modified":"2019-07-22T15:12:39","modified_gmt":"2019-07-22T13:12:39","slug":"aeronautical","status":"publish","type":"page","link":"https:\/\/maser-engineering.com\/en\/aeronautical\/","title":{"rendered":"Aeronautical"},"content":{"rendered":"<p>[et_pb_section fb_built=&#8221;1&#8243; fullwidth=&#8221;on&#8221; next_background_color=&#8221;#ffffff&#8221; _builder_version=&#8221;3.22.3&#8243; background_color=&#8221;#f6f6f6&#8243; custom_padding=&#8221;0px|0px|0|0px|false|false&#8221; bottom_divider_style=&#8221;slant&#8221; bottom_divider_flip=&#8221;horizontal&#8221; locked=&#8221;off&#8221;][et_pb_fullwidth_slider show_arrows=&#8221;off&#8221; admin_label=&#8221;Slide &#8221; module_class=&#8221;slide-home&#8221; _builder_version=&#8221;3.21.3&#8243; header_font=&#8221;||||||||&#8221; header_text_align=&#8221;left&#8221; header_text_shadow_style=&#8221;preset1&#8243; custom_button=&#8221;on&#8221; button_text_color=&#8221;#e63641&#8243; button_font=&#8221;||||||||&#8221; text_orientation=&#8221;left&#8221; custom_margin=&#8221;||&#8221; custom_padding=&#8221;||&#8221; custom_css_slide_description=&#8221;animation-name: none !important;&#8221;][et_pb_slide use_bg_overlay=&#8221;off&#8221; use_text_overlay=&#8221;off&#8221; arrows_custom_color=&#8221;#f6f6f6&#8243; dot_nav_custom_color=&#8221;#f6f6f6&#8243; admin_title=&#8221;Slide 1&#8243; _builder_version=&#8221;3.21.3&#8243; header_font=&#8221;||||||||&#8221; body_font=&#8221;||||||||&#8221; background_color=&#8221;#9a3367&#8243; use_background_color_gradient=&#8221;on&#8221; background_color_gradient_start=&#8221;rgba(35,31,32,0.4)&#8221; background_color_gradient_end=&#8221;rgba(35,31,32,0.4)&#8221; background_color_gradient_overlays_image=&#8221;on&#8221; background_image=&#8221;https:\/\/maser-engineering.com\/wp-content\/uploads\/maser-aeronautique.jpg&#8221; custom_button=&#8221;on&#8221; button_text_color=&#8221;#ffffff&#8221; button_font=&#8221;||||||||&#8221; hover_enabled=&#8221;0&#8243; button_text_shadow_color__hover_enabled=&#8221;on&#8221;]<\/p>\n<h1 class=\"h1-home\">AERONAUTICAL<\/h1>\n<p>[\/et_pb_slide][\/et_pb_fullwidth_slider][\/et_pb_section][et_pb_section fb_built=&#8221;1&#8243; _builder_version=&#8221;3.22.3&#8243; background_size=&#8221;contain&#8221; background_position=&#8221;center_right&#8221; custom_padding=&#8221;14px|0px|60px|0px|false|false&#8221; locked=&#8221;off&#8221; collapsed=&#8221;off&#8221;][et_pb_row make_equal=&#8221;on&#8221; _builder_version=&#8221;3.25&#8243; background_size=&#8221;contain&#8221; background_position=&#8221;center_right&#8221; column_structure=&#8221;1_2,1_2&#8243;][et_pb_column type=&#8221;1_2&#8243; module_class=&#8221;ds-vertical-align&#8221; _builder_version=&#8221;3.25&#8243; custom_padding=&#8221;|||&#8221; custom_padding__hover=&#8221;|||&#8221;][et_pb_text admin_label=&#8221;Titre + texte&#8221; _builder_version=&#8221;3.19.17&#8243; header_font=&#8221;||||||||&#8221; custom_margin=&#8221;||20px&#8221; locked=&#8221;off&#8221;]<\/p>\n<h2>PARTNER<br \/>\n<span class=\"h2-bolder\">OF THE AERONAUTICS INDUSTRY LEADERS<\/span><\/h2>\n<p>As a long-standing player in the aeronautics industry, our engineers are actively involved in the development of industry leaders. Present in many fields, Maser Engineering has extended its expertise with a training center in Toulouse and a design office in Nantes to be as close as possible to its clients&#8217; R&#038;D centers and production sites.[\/et_pb_text][et_pb_button button_url=&#8221;https:\/\/maser-engineering.com\/en\/about-us\/&#8221; button_text=&#8221;Download the Aeronautical brochure&#8221; disabled_on=&#8221;on|on|on&#8221; admin_label=&#8221;T\u00e9l\u00e9charger la plaquette A\u00e9ronautique&#8221; module_class=&#8221;standart-button&#8221; _builder_version=&#8221;3.19.18&#8243; custom_margin=&#8221;|||||false&#8221; custom_padding=&#8221;|30px||30px||true&#8221; disabled=&#8221;on&#8221; locked=&#8221;off&#8221; button_text_color__hover_enabled=&#8221;on&#8221; button_text_color__hover=&#8221;#f6f6f6&#8243; button_bg_color__hover_enabled=&#8221;on&#8221; button_bg_color__hover=&#8221;#7b3b8e&#8221;][\/et_pb_button][\/et_pb_column][et_pb_column type=&#8221;1_2&#8243; module_class=&#8221;ds-vertical-align&#8221; _builder_version=&#8221;3.25&#8243; custom_padding=&#8221;|||&#8221; custom_padding__hover=&#8221;|||&#8221;][et_pb_image src=&#8221;https:\/\/maser-engineering.com\/wp-content\/uploads\/aeronautique-illu-maser.jpg&#8221; alt=&#8221;illu-voiture&#8221; align=&#8221;right&#8221; align_tablet=&#8221;center&#8221; align_last_edited=&#8221;on|desktop&#8221; _builder_version=&#8221;3.23&#8243;][\/et_pb_image][\/et_pb_column][\/et_pb_row][\/et_pb_section][et_pb_section fb_built=&#8221;1&#8243; prev_background_color=&#8221;#ffffff&#8221; module_class=&#8221;dc-inverser-colonnes&#8211;section&#8221; _builder_version=&#8221;3.22.3&#8243; background_color=&#8221;#f6f6f6&#8243; custom_padding=&#8221;138px|0px|81px|0px|false|false&#8221; top_divider_style=&#8221;slant&#8221; top_divider_flip=&#8221;horizontal&#8221; bottom_divider_style=&#8221;slant&#8221; bottom_divider_color=&#8221;#f6f6f6&#8243; bottom_divider_flip=&#8221;horizontal&#8221; locked=&#8221;off&#8221; collapsed=&#8221;off&#8221;][et_pb_row custom_padding=&#8221;0|0px|0|0px|false|false&#8221; custom_margin=&#8221;||60px&#8221; make_equal=&#8221;on&#8221; module_class=&#8221;bloc-img-txt-full&#8221; _builder_version=&#8221;3.25&#8243; background_color=&#8221;#ffffff&#8221; background_size=&#8221;contain&#8221; background_position=&#8221;center_right&#8221; border_radii=&#8221;on|4px|4px|4px|4px&#8221; column_structure=&#8221;1_2,1_2&#8243;][et_pb_column type=&#8221;1_2&#8243; module_class=&#8221;ds-vertical-align  img-column&#8221; _builder_version=&#8221;3.25&#8243; background_image=&#8221;https:\/\/maser-engineering.com\/wp-content\/uploads\/ingenierie.jpg&#8221; custom_padding=&#8221;|||&#8221; custom_padding__hover=&#8221;|||&#8221;][\/et_pb_column][et_pb_column type=&#8221;1_2&#8243; module_class=&#8221;ds-vertical-align txt-column&#8221; _builder_version=&#8221;3.25&#8243; custom_padding=&#8221;30px|60px|30px|&#8221; custom_padding__hover=&#8221;|||&#8221;][et_pb_text admin_label=&#8221;Titre + texte&#8221; _builder_version=&#8221;3.19.17&#8243; header_font=&#8221;||||||||&#8221; custom_margin=&#8221;||20px&#8221; custom_padding=&#8221;|60px||&#8221; locked=&#8221;off&#8221;]<\/p>\n<h2><span class=\"h2-bolder\">ENGINEERING<\/span><\/h2>\n<p>Maser Engineering works for aeronautical integrators in the installation and assembly of new assembly lines and associated equipment.<br \/>As part of its industrial methods activities, Maser Engineering participates in the conduct of studies to develop methods, resources and processes applicable to structural assembly stations on aircraft assembly lines.<\/p>\n<ul>\n<li>Industrial methods and processes<\/li>\n<li>Maintenance management<\/li>\n<li>Supply chain management<\/li>\n<li>Data management<\/li>\n<li>Industrial ergonomics<\/li>\n<li>Lean Manufacturing<\/li>\n<\/ul>\n<p>[\/et_pb_text][et_pb_button button_url=&#8221;https:\/\/maser-engineering.com\/en\/engineering\/&#8221; button_text=&#8221;View our Engineering page&#8221; admin_label=&#8221;Consultez notre page Ing\u00e9nierie&#8221; module_class=&#8221;standart-button&#8221; _builder_version=&#8221;3.20.2&#8243; custom_margin=&#8221;|||||false&#8221; custom_padding=&#8221;|30px||30px||true&#8221; locked=&#8221;off&#8221; button_text_color__hover_enabled=&#8221;on&#8221; button_text_color__hover=&#8221;#f6f6f6&#8243; button_bg_color__hover_enabled=&#8221;on&#8221; button_bg_color__hover=&#8221;#7b3b8e&#8221;][\/et_pb_button][\/et_pb_column][\/et_pb_row][et_pb_row custom_padding=&#8221;0|0px|0|0px|false|false&#8221; make_equal=&#8221;on&#8221; module_class=&#8221;bloc-img-txt-full dc-inverser-colonnes&#8211;ligne&#8221; _builder_version=&#8221;3.25&#8243; background_color=&#8221;#ffffff&#8221; background_size=&#8221;contain&#8221; background_position=&#8221;center_right&#8221; border_radii=&#8221;on|4px|4px|4px|4px&#8221; column_structure=&#8221;1_2,1_2&#8243;][et_pb_column type=&#8221;1_2&#8243; module_class=&#8221;ds-vertical-align txt-column&#8221; _builder_version=&#8221;3.25&#8243; custom_padding=&#8221;30px||30px|60px&#8221; custom_padding__hover=&#8221;|||&#8221;][et_pb_text admin_label=&#8221;Titre + texte&#8221; _builder_version=&#8221;3.19.17&#8243; header_font=&#8221;||||||||&#8221; custom_margin=&#8221;||20px&#8221; custom_padding=&#8221;|||&#8221; locked=&#8221;off&#8221;]<\/p>\n<h2><span class=\"h2-bolder\">TRAINING<\/span><\/h2>\n<p>This offer proposes both training engineering and the processing of the training needs of a large number of aeronautical trades. Maser Engineering designs and produces innovating content and teaching materials adapted to each need.<\/p>\n<ul>\n<li>Educational engineering<\/li>\n<li>Training deployment<\/li>\n<li>Creation of innovating educational tools and models (augmented and virtual reality, 3D printing, etc.)<\/li>\n<\/ul>\n<p>[\/et_pb_text][et_pb_button button_url=&#8221;https:\/\/maser-engineering.com\/en\/industrial-training\/&#8221; button_text=&#8221;View our Training page&#8221; admin_label=&#8221;Consultez notre page Formation&#8221; module_class=&#8221;blue-button&#8221; _builder_version=&#8221;3.21.1&#8243; custom_margin=&#8221;|||||false&#8221; custom_padding=&#8221;|30px||30px||true&#8221; locked=&#8221;off&#8221; button_text_color__hover_enabled=&#8221;on&#8221; button_text_color__hover=&#8221;#f6f6f6&#8243; button_bg_color__hover_enabled=&#8221;on&#8221; button_bg_color__hover=&#8221;#24a0b1&#8243;][\/et_pb_button][\/et_pb_column][et_pb_column type=&#8221;1_2&#8243; module_class=&#8221;ds-vertical-align img-column&#8221; _builder_version=&#8221;3.25&#8243; background_image=&#8221;https:\/\/maser-engineering.com\/wp-content\/uploads\/maser-aeronautique-1.jpg&#8221; custom_padding=&#8221;|||&#8221; custom_padding__hover=&#8221;|||&#8221;][\/et_pb_column][\/et_pb_row][\/et_pb_section][et_pb_section fb_built=&#8221;1&#8243; _builder_version=&#8221;3.22.3&#8243; background_color=&#8221;#ffffff&#8221; custom_padding=&#8221;60px|0px|5px|0px|false|false&#8221; top_divider_style=&#8221;slant&#8221; top_divider_color=&#8221;#f6f6f6&#8243; top_divider_height=&#8221;27px&#8221; top_divider_flip=&#8221;vertical|horizontal&#8221; locked=&#8221;off&#8221;][et_pb_row _builder_version=&#8221;3.25&#8243;][et_pb_column type=&#8221;4_4&#8243; _builder_version=&#8221;3.25&#8243; custom_padding=&#8221;|||&#8221; custom_padding__hover=&#8221;|||&#8221;][et_pb_text admin_label=&#8221;Titre + contact form&#8221; _builder_version=&#8221;3.26.2&#8243; text_font=&#8221;||||||||&#8221; header_font=&#8221;||||||||&#8221; header_2_font=&#8221;||||||||&#8221; header_2_text_align=&#8221;center&#8221; custom_padding=&#8221;||40px&#8221;]<\/p>\n<h2>CONTACT US  <span class=\"h2-bolder\"><\/span><\/h2>\n<p>\n<div class=\"wpcf7 no-js\" id=\"wpcf7-f17146-o1\" lang=\"fr-FR\" dir=\"ltr\" data-wpcf7-id=\"17146\">\n<div class=\"screen-reader-response\"><p role=\"status\" aria-live=\"polite\" aria-atomic=\"true\"><\/p> <ul><\/ul><\/div>\n<form action=\"\/en\/wp-json\/wp\/v2\/pages\/16911#wpcf7-f17146-o1\" method=\"post\" class=\"wpcf7-form init\" aria-label=\"Formulaire de contact\" novalidate=\"novalidate\" data-status=\"init\">\n<fieldset class=\"hidden-fields-container\"><input type=\"hidden\" name=\"_wpcf7\" value=\"17146\" \/><input type=\"hidden\" name=\"_wpcf7_version\" value=\"6.1.5\" \/><input type=\"hidden\" name=\"_wpcf7_locale\" value=\"fr_FR\" \/><input type=\"hidden\" name=\"_wpcf7_unit_tag\" value=\"wpcf7-f17146-o1\" \/><input type=\"hidden\" name=\"_wpcf7_container_post\" value=\"0\" \/><input type=\"hidden\" name=\"_wpcf7_posted_data_hash\" value=\"\" \/><input type=\"hidden\" name=\"_wpcf7_recaptcha_response\" value=\"\" \/>\n<\/fieldset>\n<p><label class=\"half required-field-star\"><br \/>\n<span class=\"wpcf7-form-control-wrap\" data-name=\"your-name\"><input size=\"40\" maxlength=\"400\" class=\"wpcf7-form-control wpcf7-text wpcf7-validates-as-required form form-50\" aria-required=\"true\" aria-invalid=\"false\" placeholder=\"Last name and first name\" value=\"\" type=\"text\" name=\"your-name\" \/><\/span><\/label><br \/>\n<label class=\"half rs required-field-star\"><br \/>\n<span class=\"wpcf7-form-control-wrap\" data-name=\"your-societe\"><input size=\"40\" maxlength=\"400\" class=\"wpcf7-form-control wpcf7-text wpcf7-validates-as-required form form-50\" aria-required=\"true\" aria-invalid=\"false\" placeholder=\"Society\" value=\"\" type=\"text\" name=\"your-societe\" \/><\/span><\/label><br \/>\n<label class=\"half required-field-star\"><br \/>\n<span class=\"wpcf7-form-control-wrap\" data-name=\"your-email\"><input size=\"40\" maxlength=\"400\" class=\"wpcf7-form-control wpcf7-email wpcf7-validates-as-required wpcf7-text wpcf7-validates-as-email form form-50\" aria-required=\"true\" aria-invalid=\"false\" placeholder=\"Email\" value=\"\" type=\"email\" name=\"your-email\" \/><\/span><\/label><br \/>\n<label class=\"half rs required-field-star\"><br \/>\n<span class=\"wpcf7-form-control-wrap\" data-name=\"your-tel\"><input size=\"40\" maxlength=\"400\" class=\"wpcf7-form-control wpcf7-tel wpcf7-validates-as-required wpcf7-text wpcf7-validates-as-tel form form-50\" aria-required=\"true\" aria-invalid=\"false\" placeholder=\"Phone number\" value=\"\" type=\"tel\" name=\"your-tel\" \/><\/span><\/label><br \/>\n<label class=\"half\"><br \/>\n<span class=\"wpcf7-form-control-wrap\" data-name=\"your-subject\"><input size=\"40\" maxlength=\"400\" class=\"wpcf7-form-control wpcf7-text form form-50\" aria-invalid=\"false\" placeholder=\"Subject\" value=\"\" type=\"text\" name=\"your-subject\" \/><\/span> <\/label><br \/>\n<label class=\"half rs\"><br \/>\n<span class=\"wpcf7-form-control-wrap\" data-name=\"your-function\"><input size=\"40\" maxlength=\"400\" class=\"wpcf7-form-control wpcf7-text form form-50\" aria-invalid=\"false\" placeholder=\"Function\" value=\"\" type=\"text\" name=\"your-function\" \/><\/span> <\/label><br \/>\n<label class=\"hundred required-field-star\"><br \/>\n<span class=\"wpcf7-form-control-wrap\" data-name=\"your-message\"><textarea cols=\"40\" rows=\"10\" maxlength=\"2000\" class=\"wpcf7-form-control wpcf7-textarea form form-100\" aria-invalid=\"false\" placeholder=\"Your message\" name=\"your-message\"><\/textarea><\/span><\/label>\n<\/p>\n<p class=\"rgpd-ok\"><br \/>\nBy submitting this form, I accept that the information entered will be exploited to allow me to contact me again.<br \/>\nTo know and exercise your rights, including withdrawal of your consent to the use of the data collected by this form, please consult our <a href=\"\/en\/privacy-policy\/\">Personal data management policy<\/a>\n<\/p>\n<p><input class=\"wpcf7-form-control wpcf7-submit has-spinner et_pb_button standart-button\" type=\"submit\" value=\"Let&#039;s talk together!\" \/>\n<\/p><div class=\"wpcf7-response-output\" aria-hidden=\"true\"><\/div>\n<\/form>\n<\/div>\n[\/et_pb_text][\/et_pb_column][\/et_pb_row][\/et_pb_section][et_pb_section fb_built=&#8221;1&#8243; module_class=&#8221;cta-red&#8221; _builder_version=&#8221;3.22.3&#8243; background_color=&#8221;#e63641&#8243; custom_padding=&#8221;68px|0px|40px|0px|false|false&#8221; top_divider_style=&#8221;slant&#8221; top_divider_color=&#8221;#ffffff&#8221; top_divider_height=&#8221;39px&#8221; locked=&#8221;off&#8221;][et_pb_row custom_padding=&#8221;0|0px|0|0px|false|false&#8221; make_equal=&#8221;on&#8221; _builder_version=&#8221;3.25&#8243; column_structure=&#8221;2_3,1_3&#8243;][et_pb_column type=&#8221;2_3&#8243; module_class=&#8221;ds-vertical-align&#8221; _builder_version=&#8221;3.25&#8243; custom_padding=&#8221;|||&#8221; custom_padding__hover=&#8221;|||&#8221;][et_pb_text admin_label=&#8221;Texte CTA&#8221; _builder_version=&#8221;3.19.17&#8243; text_font=&#8221;||||||||&#8221; header_font=&#8221;||||||||&#8221; header_2_font=&#8221;||||||||&#8221; header_2_text_align=&#8221;center&#8221; header_3_font=&#8221;||||||||&#8221; header_3_text_color=&#8221;#ffffff&#8221; header_3_font_size=&#8221;24px&#8221; custom_padding=&#8221;||&#8221;]<\/p>\n<h3>FIND OUT MORE ABOUT <span class=\"h2-bolder\">OUR EXPERTISE IN MAINTENANCE<\/span><\/h3>\n<p>[\/et_pb_text][\/et_pb_column][et_pb_column type=&#8221;1_3&#8243; module_class=&#8221;ds-vertical-align&#8221; _builder_version=&#8221;3.25&#8243; custom_padding=&#8221;|||&#8221; custom_padding__hover=&#8221;|||&#8221;][et_pb_button button_url=&#8221;https:\/\/maser-engineering.com\/en\/industrial-maintenance\/&#8221; button_text=&#8221;Maintenance&#8221; button_alignment=&#8221;center&#8221; admin_label=&#8221;Agroalimentaire&#8221; module_class=&#8221;white-button&#8221; _builder_version=&#8221;3.20.1&#8243; custom_margin=&#8221;|||||false&#8221; custom_padding=&#8221;|30px||30px||true&#8221; locked=&#8221;off&#8221; button_text_color__hover_enabled=&#8221;on&#8221; button_text_color__hover=&#8221;#e63641&#8243; button_bg_color__hover_enabled=&#8221;on&#8221; button_bg_color__hover=&#8221;#fff&#8221;][\/et_pb_button][\/et_pb_column][\/et_pb_row][\/et_pb_section]<\/p>\n","protected":false},"excerpt":{"rendered":"<p>AERONAUTICALPARTNER OF THE AERONAUTICS INDUSTRY LEADERS As a long-standing player in the aeronautics industry, our engineers are actively involved in the development of industry leaders. Present in many fields, Maser [&hellip;]<\/p>\n","protected":false},"author":1,"featured_media":0,"parent":0,"menu_order":0,"comment_status":"closed","ping_status":"closed","template":"","meta":{"_et_pb_use_builder":"on","_et_pb_old_content":"","_et_gb_content_width":"","footnotes":""},"class_list":["post-16911","page","type-page","status-publish","hentry"],"yoast_head":"<!-- This site is optimized with the Yoast SEO plugin v27.3 - https:\/\/yoast.com\/product\/yoast-seo-wordpress\/ -->\n<title>Aeronautical engineering and training in France | Maser Engineering<\/title>\n<meta name=\"description\" content=\"Are you looking for a company to help you in your aeronautical development in France? Check out our website now by clicking here.\" \/>\n<meta name=\"robots\" content=\"index, follow, max-snippet:-1, max-image-preview:large, max-video-preview:-1\" \/>\n<link rel=\"canonical\" href=\"https:\/\/maser-engineering.com\/en\/aeronautical\/\" \/>\n<meta property=\"og:locale\" content=\"en_US\" \/>\n<meta property=\"og:type\" content=\"article\" \/>\n<meta property=\"og:title\" content=\"Aeronautical engineering and training in France | Maser Engineering\" \/>\n<meta property=\"og:description\" content=\"Are you looking for a company to help you in your aeronautical development in France? Check out our website now by clicking here.\" \/>\n<meta property=\"og:url\" content=\"https:\/\/maser-engineering.com\/en\/aeronautical\/\" \/>\n<meta property=\"og:site_name\" content=\"Maser Engineering\" \/>\n<meta property=\"article:publisher\" content=\"https:\/\/www.facebook.com\/MaserEngineeringFrance\/\" \/>\n<meta property=\"article:modified_time\" content=\"2019-07-22T13:12:39+00:00\" \/>\n<meta name=\"twitter:card\" content=\"summary_large_image\" \/>\n<meta name=\"twitter:site\" content=\"@maser2018\" \/>\n<meta name=\"twitter:label1\" content=\"Est. reading time\" \/>\n\t<meta name=\"twitter:data1\" content=\"6 minutes\" \/>\n<script type=\"application\/ld+json\" class=\"yoast-schema-graph\">{\"@context\":\"https:\\\/\\\/schema.org\",\"@graph\":[{\"@type\":\"WebPage\",\"@id\":\"https:\\\/\\\/maser-engineering.com\\\/en\\\/aeronautical\\\/\",\"url\":\"https:\\\/\\\/maser-engineering.com\\\/en\\\/aeronautical\\\/\",\"name\":\"Aeronautical engineering and training in France | Maser Engineering\",\"isPartOf\":{\"@id\":\"https:\\\/\\\/maser-engineering.com\\\/en\\\/#website\"},\"datePublished\":\"2019-07-22T11:52:04+00:00\",\"dateModified\":\"2019-07-22T13:12:39+00:00\",\"description\":\"Are you looking for a company to help you in your aeronautical development in France? Check out our website now by clicking here.\",\"breadcrumb\":{\"@id\":\"https:\\\/\\\/maser-engineering.com\\\/en\\\/aeronautical\\\/#breadcrumb\"},\"inLanguage\":\"en-US\",\"potentialAction\":[{\"@type\":\"ReadAction\",\"target\":[\"https:\\\/\\\/maser-engineering.com\\\/en\\\/aeronautical\\\/\"]}]},{\"@type\":\"BreadcrumbList\",\"@id\":\"https:\\\/\\\/maser-engineering.com\\\/en\\\/aeronautical\\\/#breadcrumb\",\"itemListElement\":[{\"@type\":\"ListItem\",\"position\":1,\"name\":\"Accueil\",\"item\":\"https:\\\/\\\/maser-engineering.com\\\/en\\\/\"},{\"@type\":\"ListItem\",\"position\":2,\"name\":\"Aeronautical\"}]},{\"@type\":\"WebSite\",\"@id\":\"https:\\\/\\\/maser-engineering.com\\\/en\\\/#website\",\"url\":\"https:\\\/\\\/maser-engineering.com\\\/en\\\/\",\"name\":\"Maser Engineering\",\"description\":\"Partenaire de choix au coeur de la performance industrielle.\",\"publisher\":{\"@id\":\"https:\\\/\\\/maser-engineering.com\\\/en\\\/#organization\"},\"potentialAction\":[{\"@type\":\"SearchAction\",\"target\":{\"@type\":\"EntryPoint\",\"urlTemplate\":\"https:\\\/\\\/maser-engineering.com\\\/en\\\/?s={search_term_string}\"},\"query-input\":{\"@type\":\"PropertyValueSpecification\",\"valueRequired\":true,\"valueName\":\"search_term_string\"}}],\"inLanguage\":\"en-US\"},{\"@type\":\"Organization\",\"@id\":\"https:\\\/\\\/maser-engineering.com\\\/en\\\/#organization\",\"name\":\"Maser Engineering\",\"url\":\"https:\\\/\\\/maser-engineering.com\\\/en\\\/\",\"logo\":{\"@type\":\"ImageObject\",\"inLanguage\":\"en-US\",\"@id\":\"https:\\\/\\\/maser-engineering.com\\\/en\\\/#\\\/schema\\\/logo\\\/image\\\/\",\"url\":\"https:\\\/\\\/maser-engineering.com\\\/wp-content\\\/uploads\\\/logo_maser_engineering.svg\",\"contentUrl\":\"https:\\\/\\\/maser-engineering.com\\\/wp-content\\\/uploads\\\/logo_maser_engineering.svg\",\"width\":1,\"height\":1,\"caption\":\"Maser Engineering\"},\"image\":{\"@id\":\"https:\\\/\\\/maser-engineering.com\\\/en\\\/#\\\/schema\\\/logo\\\/image\\\/\"},\"sameAs\":[\"https:\\\/\\\/www.facebook.com\\\/MaserEngineeringFrance\\\/\",\"https:\\\/\\\/x.com\\\/maser2018\",\"https:\\\/\\\/fr.linkedin.com\\\/company\\\/maser-engineering\",\"https:\\\/\\\/www.youtube.com\\\/channel\\\/UCy7ozJSYzY0jF1_txpSzvEQ\\\/\"]}]}<\/script>\n<!-- \/ Yoast SEO plugin. -->","yoast_head_json":{"title":"Aeronautical engineering and training in France | Maser Engineering","description":"Are you looking for a company to help you in your aeronautical development in France? Check out our website now by clicking here.","robots":{"index":"index","follow":"follow","max-snippet":"max-snippet:-1","max-image-preview":"max-image-preview:large","max-video-preview":"max-video-preview:-1"},"canonical":"https:\/\/maser-engineering.com\/en\/aeronautical\/","og_locale":"en_US","og_type":"article","og_title":"Aeronautical engineering and training in France | Maser Engineering","og_description":"Are you looking for a company to help you in your aeronautical development in France? Check out our website now by clicking here.","og_url":"https:\/\/maser-engineering.com\/en\/aeronautical\/","og_site_name":"Maser Engineering","article_publisher":"https:\/\/www.facebook.com\/MaserEngineeringFrance\/","article_modified_time":"2019-07-22T13:12:39+00:00","twitter_card":"summary_large_image","twitter_site":"@maser2018","twitter_misc":{"Est. reading time":"6 minutes"},"schema":{"@context":"https:\/\/schema.org","@graph":[{"@type":"WebPage","@id":"https:\/\/maser-engineering.com\/en\/aeronautical\/","url":"https:\/\/maser-engineering.com\/en\/aeronautical\/","name":"Aeronautical engineering and training in France | Maser Engineering","isPartOf":{"@id":"https:\/\/maser-engineering.com\/en\/#website"},"datePublished":"2019-07-22T11:52:04+00:00","dateModified":"2019-07-22T13:12:39+00:00","description":"Are you looking for a company to help you in your aeronautical development in France? Check out our website now by clicking here.","breadcrumb":{"@id":"https:\/\/maser-engineering.com\/en\/aeronautical\/#breadcrumb"},"inLanguage":"en-US","potentialAction":[{"@type":"ReadAction","target":["https:\/\/maser-engineering.com\/en\/aeronautical\/"]}]},{"@type":"BreadcrumbList","@id":"https:\/\/maser-engineering.com\/en\/aeronautical\/#breadcrumb","itemListElement":[{"@type":"ListItem","position":1,"name":"Accueil","item":"https:\/\/maser-engineering.com\/en\/"},{"@type":"ListItem","position":2,"name":"Aeronautical"}]},{"@type":"WebSite","@id":"https:\/\/maser-engineering.com\/en\/#website","url":"https:\/\/maser-engineering.com\/en\/","name":"Maser Engineering","description":"Partenaire de choix au coeur de la performance industrielle.","publisher":{"@id":"https:\/\/maser-engineering.com\/en\/#organization"},"potentialAction":[{"@type":"SearchAction","target":{"@type":"EntryPoint","urlTemplate":"https:\/\/maser-engineering.com\/en\/?s={search_term_string}"},"query-input":{"@type":"PropertyValueSpecification","valueRequired":true,"valueName":"search_term_string"}}],"inLanguage":"en-US"},{"@type":"Organization","@id":"https:\/\/maser-engineering.com\/en\/#organization","name":"Maser Engineering","url":"https:\/\/maser-engineering.com\/en\/","logo":{"@type":"ImageObject","inLanguage":"en-US","@id":"https:\/\/maser-engineering.com\/en\/#\/schema\/logo\/image\/","url":"https:\/\/maser-engineering.com\/wp-content\/uploads\/logo_maser_engineering.svg","contentUrl":"https:\/\/maser-engineering.com\/wp-content\/uploads\/logo_maser_engineering.svg","width":1,"height":1,"caption":"Maser Engineering"},"image":{"@id":"https:\/\/maser-engineering.com\/en\/#\/schema\/logo\/image\/"},"sameAs":["https:\/\/www.facebook.com\/MaserEngineeringFrance\/","https:\/\/x.com\/maser2018","https:\/\/fr.linkedin.com\/company\/maser-engineering","https:\/\/www.youtube.com\/channel\/UCy7ozJSYzY0jF1_txpSzvEQ\/"]}]}},"_links":{"self":[{"href":"https:\/\/maser-engineering.com\/en\/wp-json\/wp\/v2\/pages\/16911","targetHints":{"allow":["GET"]}}],"collection":[{"href":"https:\/\/maser-engineering.com\/en\/wp-json\/wp\/v2\/pages"}],"about":[{"href":"https:\/\/maser-engineering.com\/en\/wp-json\/wp\/v2\/types\/page"}],"author":[{"embeddable":true,"href":"https:\/\/maser-engineering.com\/en\/wp-json\/wp\/v2\/users\/1"}],"replies":[{"embeddable":true,"href":"https:\/\/maser-engineering.com\/en\/wp-json\/wp\/v2\/comments?post=16911"}],"version-history":[{"count":3,"href":"https:\/\/maser-engineering.com\/en\/wp-json\/wp\/v2\/pages\/16911\/revisions"}],"predecessor-version":[{"id":17147,"href":"https:\/\/maser-engineering.com\/en\/wp-json\/wp\/v2\/pages\/16911\/revisions\/17147"}],"wp:attachment":[{"href":"https:\/\/maser-engineering.com\/en\/wp-json\/wp\/v2\/media?parent=16911"}],"curies":[{"name":"wp","href":"https:\/\/api.w.org\/{rel}","templated":true}]}}